{"id":11253,"date":"2023-08-23T16:51:30","date_gmt":"2023-08-23T21:51:30","guid":{"rendered":"https:\/\/besthelg.com\/?page_id=11253"},"modified":"2023-08-27T18:12:01","modified_gmt":"2023-08-27T23:12:01","slug":"politica-de-privacidad","status":"publish","type":"page","link":"https:\/\/besthelg.com\/en\/politica-de-privacidad\/","title":{"rendered":"Privacy Policy"},"content":{"rendered":"\t\t<div data-elementor-type=\"wp-page\" data-elementor-id=\"11253\" class=\"elementor elementor-11253\" data-elementor-post-type=\"page\">\n\t\t\t\t\t\t\t\t\t<section class=\"elementor-section elementor-top-section elementor-element elementor-element-e92afc0 elementor-section-boxed elementor-section-height-default elementor-section-height-default\" data-id=\"e92afc0\" data-element_type=\"section\">\n\t\t\t\t\t\t<div class=\"elementor-container elementor-column-gap-default\">\n\t\t\t\t\t<div class=\"elementor-column elementor-col-100 elementor-top-column elementor-element elementor-element-9f21c5b\" data-id=\"9f21c5b\" data-element_type=\"column\">\n\t\t\t<div class=\"elementor-widget-wrap elementor-element-populated\">\n\t\t\t\t\t\t\t\t<div class=\"elementor-element elementor-element-141b55b elementor-widget elementor-widget-heading\" data-id=\"141b55b\" data-element_type=\"widget\" data-widget_type=\"heading.default\">\n\t\t\t\t<div class=\"elementor-widget-container\">\n\t\t\t<style>\/*! elementor - v3.15.0 - 02-08-2023 *\/\n.elementor-heading-title{padding:0;margin:0;line-height:1}.elementor-widget-heading .elementor-heading-title[class*=elementor-size-]>a{color:inherit;font-size:inherit;line-height:inherit}.elementor-widget-heading .elementor-heading-title.elementor-size-small{font-size:15px}.elementor-widget-heading .elementor-heading-title.elementor-size-medium{font-size:19px}.elementor-widget-heading .elementor-heading-title.elementor-size-large{font-size:29px}.elementor-widget-heading .elementor-heading-title.elementor-size-xl{font-size:39px}.elementor-widget-heading .elementor-heading-title.elementor-size-xxl{font-size:59px}<\/style><h2 class=\"elementor-heading-title elementor-size-default\">Pol\u00edtica de Privacidad<\/h2>\t\t<\/div>\n\t\t\t\t<\/div>\n\t\t\t\t<div class=\"elementor-element elementor-element-305cc85 elementor-widget elementor-widget-text-editor\" data-id=\"305cc85\" data-element_type=\"widget\" data-widget_type=\"text-editor.default\">\n\t\t\t\t<div class=\"elementor-widget-container\">\n\t\t\t<style>\/*! elementor - v3.15.0 - 02-08-2023 *\/\n.elementor-widget-text-editor.elementor-drop-cap-view-stacked .elementor-drop-cap{background-color:#69727d;color:#fff}.elementor-widget-text-editor.elementor-drop-cap-view-framed .elementor-drop-cap{color:#69727d;border:3px solid;background-color:transparent}.elementor-widget-text-editor:not(.elementor-drop-cap-view-default) .elementor-drop-cap{margin-top:8px}.elementor-widget-text-editor:not(.elementor-drop-cap-view-default) .elementor-drop-cap-letter{width:1em;height:1em}.elementor-widget-text-editor .elementor-drop-cap{float:left;text-align:center;line-height:1;font-size:50px}.elementor-widget-text-editor .elementor-drop-cap-letter{display:inline-block}<\/style>\t\t\t\t<p style=\"text-align: justify;\">Atendiendo a lo previsto por la Ley Federal de Protecci\u00f3n de Datos Personales en Posesi\u00f3n de los Particulares, y en cumplimiento de la obligaci\u00f3n a cargo de Industrias Besthelg S.A. de C.V. consistente en la protecci\u00f3n de datos personales de sus clientes, afiliados y\/o beneficiados de cualquiera de los productos o servicios pertenecientes al concepto comercialmente conocido como www.besthelg.com, se hace de su conocimiento lo siguiente:<br \/><br \/>1. Responsable del tratamiento de sus datos personales:\u2028Industrias Besthelg S.A. de C.V. es la persona responsable (el \u201cResponsable\u201d) del tratamiento de los datos personales que son recabados y tratados por www.besthelg.com. Para el Responsable, el tratar sus datos de manera leg\u00edtima resulta un tema prioritario. Los datos personales que hayan sido proporcionados tanto por v\u00eda electr\u00f3nica en la p\u00e1gina de Internet de www.besthelg.com o por cualquier otro medio, presente o futura, podr\u00e1n ser utilizados por www.besthelg.com.<\/p><p>2. Departamento de datos personales:\u2028Domicilio: Km. 5 Carretera Atotonilco &#8211; La Barca, en Milpillas C.P. 47775 Atotonilco el Alto, Jalisco, M\u00e9xico. Para cualquier duda o para mayor informaci\u00f3n favor de comunicarse con: Industrias Besthelg S.A. de C.V. al electr\u00f3nico: atencionaclientes@besthelg.com o al tel\u00e9fono: 3919172090<\/p><p>3. Finalidades del tratamiento de los datos personales:<br \/>El Responsable en este acto recaba sus datos para las siguientes finalidades:<\/p><p>\u2022 Proveer los servicios y productos requeridos por usted;\u2028\u2022 Informar sobre cambios o nuevos productos o servicios que est\u00e9n relacionados con el contrato celebrado por el cliente;<br \/>\u2022 Dar cumplimiento a obligaciones contra\u00eddas con nuestros clientes;\u2028\u2022 Evaluar la calidad del servicio;<br \/>\u2022 Realizar estudios internos;<br \/>\u2022 En el caso de personas que visitan nuestras instalaciones, cualquiera que sea el motivo, para otorgar acceso al usuario a las instalaciones, mantener un registro de los visitantes que acceden a las instalaciones y garantizar la seguridad del personal, clientes y visitantes.<\/p><p>Para garantizar la protecci\u00f3n de sus datos personales y limitar el uso o divulgaci\u00f3n no autorizada de los mismos, www.besthelg.com guardar\u00e1 confidencialidad respecto de dicha informaci\u00f3n, administrando las bases de datos que contienen la misma por las personas designadas por www.besthelg.com para tal efecto, sin que se permita su uso, consulta, manejo o acceso a personas no autorizadas.<\/p><p>De igual manera dichas bases de datos se encuentran protegidas por los medios electr\u00f3nicos enfocados a prevenir y evitar que personas ajenas a www.besthelg.com o no autorizadas por la misma puedan tener acceso a sus datos personales.<\/p><p>La persona que se ostente como titular de datos personales, puede presentar o enviar a www.besthelg.com com una solicitud para el acceso, rectificaci\u00f3n, cancelaci\u00f3n u oposici\u00f3n respecto de la informaci\u00f3n proporcionada por dicha persona.<\/p><p>La solicitud previamente mencionada podr\u00e1 ser presentada f\u00edsica o electr\u00f3nicamente al domicilio previamente descrito, o bien a la direcci\u00f3n de correo electr\u00f3nico atencionaclientes@besthelg.com o al tel\u00e9fono: 3919172090<\/p><p>www.besthelg.com se reserva el derecho a realizar en cualquier momento modificaciones o actualizaciones del presente Aviso de Privacidad, con el fin de aplicar reformas legislativas, pol\u00edticas internas, nuevos requerimientos para la prestaci\u00f3n u ofrecimiento de sus productos y servicios, o por pr\u00e1cticas comerciales; informando sobre dichas modificaciones o actualizaciones a trav\u00e9s de nuestra p\u00e1gina de internet www.besthelg.com<\/p><p>4. Datos personales que recabamos:\u2028Para las finalidades antes mencionadas, podemos recabar sus datos personales de distintas formas. Usualmente recabamos sus datos cuando usted nos lo proporciona directamente, ya sea a nuestros empleados o a trav\u00e9s de nuestra p\u00e1gina web. En ocasiones, obtenemos sus datos de manera indirecta, a trav\u00e9s de otras fuentes que se encuentran permitidas por la Ley.<\/p><p>Los datos que obtenemos pueden ser, entre otros los siguientes: nombre, domicilio, nacionalidad, tel\u00e9fono, correo electr\u00f3nico, compa\u00f1\u00eda a la que pertenece, biograf\u00eda, en caso de ser aplicable, informaci\u00f3n financiera general de su empresa, entre otros.<\/p><p>5. Datos personales sensibles, financieros y patrimoniales que recabamos:\u2028Datos Sensibles: En caso de que El Responsable recabe datos sensibles para la prestaci\u00f3n de los servicios, a los cuales usted solamente puede tener acceso si consciente en proporcionarnos los datos sensibles que requerimos sus datos ser\u00e1n tratados \u00fanicamente para las finalidades descritas en este Aviso de Privacidad.<\/p><p>6. Datos Financieros y Patrimoniales:\u2028Nuestra organizaci\u00f3n recaba de usted los datos financieros y patrimoniales que resultan necesarios las obligaciones jur\u00eddicas que nacen de la propia naturaleza de la relaci\u00f3n con El Responsable. Entre estos datos se encuentran su tipo y n\u00famero de cuenta bancaria, el banco, entre otros. Estos datos son recabados para efectos de pago de nuestros servicios.<\/p><p>De conformidad a lo que establece el art\u00edculo 9 de la Ley Federal de Protecci\u00f3n de Datos Personales en Posesi\u00f3n de los Particulares, cuando el Responsable recabe de Usted datos personales sensibles, le ser\u00e1 requerido su consentimiento expreso para el tratamiento de estos datos, por lo que le solicitaremos que, en su momento, indique si acepta o no el tratamiento, firmando el formulario f\u00edsico o electr\u00f3nico que hemos implementado para estos efectos y, en su caso, firmando el presente documento.<\/p><p>7. Opciones y medios para limitar el uso o divulgaci\u00f3n de datos personales:\u2028Usted puede dejar de recibir mensajes por correo electr\u00f3nico, impresos, por tel\u00e9fono fijo o celular comunic\u00e1ndose con nuestro Departamento de Datos Personales.<\/p><p>8. Procedimiento para ejercer los derechos de acceso, rectificaci\u00f3n, cancelaci\u00f3n u oposici\u00f3n:\u2028Usted tiene derecho de acceder a sus datos personales que poseemos y a los detalles del tratamiento de los mismos, as\u00ed como a rectificarlos en caso de ser inexactos o incompletos; cancelarlos cuando considere que no se requieren para alguna de las finalidades se\u00f1alados en el presente aviso de privacidad, est\u00e9n siendo utilizados para finalidades no consentidas o haya finalizado la relaci\u00f3n de servicio, o bien, oponerse al tratamiento de los mismos para fines espec\u00edficos.<\/p><p>Los mecanismos que se han implementado para el ejercicio de dichos derechos son a trav\u00e9s de la presentaci\u00f3n de la solicitud respectiva en:<br \/>\u2022 Por escrito en el Departamento de Datos Personales ubicado en el domicilio antes se\u00f1alado.<br \/>\u2022 Por correo electr\u00f3nico a la siguiente direcci\u00f3n: atencionaclientes@besthelg.com<\/p><p>Su solicitud deber\u00e1 contener la siguiente informaci\u00f3n:<\/p><p>a) El nombre y domicilio del titular o cualquier otro medio para recibir la respuesta (si el titular omite la direcci\u00f3n o cualquier otro medio que haya elegido para contactarlo, se tendr\u00e1 por no recibida la solicitud).<\/p><p>b) Los documentos que acrediten la identidad o la personalidad de su representante.<\/p><p>c) La descripci\u00f3n clara y precisa de los datos personales respecto de los cuales el titular busca ejercer alguno de los derechos.<\/p><p>d) En su caso, otros elementos o documentos que faciliten la localizaci\u00f3n de los datos personales.<\/p><p>Si la solicitud del titular no es clara, err\u00f3nea o incompleta, www.besthelg.com, podr\u00e1 pedirle que aporte informaci\u00f3n adicional para atender su petici\u00f3n dentro de los 5 d\u00edas h\u00e1biles siguientes a la recepci\u00f3n de la solicitud, de no dar respuesta la solicitud se tendr\u00e1 por no presentada.<\/p><p>El plazo para atender su solicitud no podr\u00e1 exceder de veinte d\u00edas h\u00e1biles a partir del ingreso. En caso de que se haya requerido informaci\u00f3n adicional, dicho plazo empezar\u00e1 a computarse al d\u00eda siguiente en que el titular haya proporcionado la informaci\u00f3n requerida. Le informaremos sobre la procedencia de la misma a trav\u00e9s del medio que haya se\u00f1alado para tal efecto.<\/p><p>Para mayor informaci\u00f3n, favor de contactar al departamento de datos personales, en el correo electr\u00f3nico se\u00f1alado anteriormente.<\/p><p>En todo momento, usted podr\u00e1 revocar el consentimiento que nos ha otorgado para el tratamiento de sus datos personales, a fin de que dejemos de hacer uso de los mismos a trav\u00e9s de los medios antes descritos.<\/p><p>9. Transferencias de datos personales dentro de M\u00e9xico y el extranjero:\u2028Sus datos se encuentran protegidos www.besthelg.com opera bajo la misma Pol\u00edtica de Protecci\u00f3n de Datos Personales y contamos con una Pol\u00edtica de Protecci\u00f3n de Datos y Privacidad. En todo caso su informaci\u00f3n ser\u00e1 compartida solamente para las finalidades citadas en este aviso de privacidad.<\/p><p>Nos comprometemos a no transferir su informaci\u00f3n personal a terceros sin su consentimiento, salvo las excepciones previstas en el art\u00edculo 37 de la Ley Federal de Protecci\u00f3n de Datos Personales en Posesi\u00f3n de los Particulares, as\u00ed como a realizar esta transferencia en los t\u00e9rminos que fija esa ley.<\/p><p>Si usted no manifiesta su oposici\u00f3n para que sus datos personales sean transferidos, se entender\u00e1 que ha otorgado su consentimiento para ello. Si no consiente que sus datos personales sean transferidos en los t\u00e9rminos que se\u00f1ala el presente aviso de privacidad.<\/p><p>10. Derecho de promover los procedimientos de protecci\u00f3n de derechos y de verificaci\u00f3n que sustancia el Instituto Federal de Acceso a la Informaci\u00f3n P\u00fablica (IFAI):\u2028Cualquier queja o informaci\u00f3n adicional respecto al tratamiento de sus datos personales o duda en relaci\u00f3n con la Ley Federal de Protecci\u00f3n de Datos Personales en Posesi\u00f3n de los Particulares o con su Reglamento, podr\u00e1 dirigirla al IFAI. Para mayor informaci\u00f3n visite www.ifai.org.mx.<\/p>\t\t\t\t\t\t<\/div>\n\t\t\t\t<\/div>\n\t\t\t\t\t<\/div>\n\t\t<\/div>\n\t\t\t\t\t\t\t<\/div>\n\t\t<\/section>\n\t\t\t\t\t\t\t<\/div>\n\t\t","protected":false},"excerpt":{"rendered":"<p>Pol\u00edtica de Privacidad Atendiendo a lo previsto por la Ley Federal de Protecci\u00f3n de Datos Personales en Posesi\u00f3n de los Particulares, y en cumplimiento de la obligaci\u00f3n a cargo de Industrias Besthelg S.A. de C.V. consistente en la protecci\u00f3n de &hellip; <a href=\"https:\/\/besthelg.com\/en\/politica-de-privacidad\/\">Readmore<\/a><\/p>","protected":false},"author":1,"featured_media":0,"parent":0,"menu_order":0,"comment_status":"closed","ping_status":"closed","template":"elementor_header_footer","meta":{"footnotes":""},"class_list":["post-11253","page","type-page","status-publish","hentry"],"_links":{"self":[{"href":"https:\/\/besthelg.com\/en\/wp-json\/wp\/v2\/pages\/11253","targetHints":{"allow":["GET"]}}],"collection":[{"href":"https:\/\/besthelg.com\/en\/wp-json\/wp\/v2\/pages"}],"about":[{"href":"https:\/\/besthelg.com\/en\/wp-json\/wp\/v2\/types\/page"}],"author":[{"embeddable":true,"href":"https:\/\/besthelg.com\/en\/wp-json\/wp\/v2\/users\/1"}],"replies":[{"embeddable":true,"href":"https:\/\/besthelg.com\/en\/wp-json\/wp\/v2\/comments?post=11253"}],"version-history":[{"count":29,"href":"https:\/\/besthelg.com\/en\/wp-json\/wp\/v2\/pages\/11253\/revisions"}],"predecessor-version":[{"id":11560,"href":"https:\/\/besthelg.com\/en\/wp-json\/wp\/v2\/pages\/11253\/revisions\/11560"}],"wp:attachment":[{"href":"https:\/\/besthelg.com\/en\/wp-json\/wp\/v2\/media?parent=11253"}],"curies":[{"name":"wp","href":"https:\/\/api.w.org\/{rel}","templated":true}]}}