{"id":11284,"date":"2023-08-23T17:08:58","date_gmt":"2023-08-23T22:08:58","guid":{"rendered":"https:\/\/besthelg.com\/politica-de-privacidad-copy\/"},"modified":"2026-03-12T10:12:16","modified_gmt":"2026-03-12T16:12:16","slug":"terminos-y-condiciones","status":"publish","type":"page","link":"https:\/\/besthelg.com\/en\/terminos-y-condiciones\/","title":{"rendered":"Terms and Conditions"},"content":{"rendered":"\t\t<div data-elementor-type=\"wp-page\" data-elementor-id=\"11284\" class=\"elementor elementor-11284\" data-elementor-post-type=\"page\">\n\t\t\t\t\t\t\t\t\t<section class=\"elementor-section elementor-top-section elementor-element elementor-element-e92afc0 elementor-section-boxed elementor-section-height-default elementor-section-height-default\" data-id=\"e92afc0\" data-element_type=\"section\">\n\t\t\t\t\t\t<div class=\"elementor-container elementor-column-gap-default\">\n\t\t\t\t\t<div class=\"elementor-column elementor-col-100 elementor-top-column elementor-element elementor-element-9f21c5b\" data-id=\"9f21c5b\" data-element_type=\"column\">\n\t\t\t<div class=\"elementor-widget-wrap elementor-element-populated\">\n\t\t\t\t\t\t\t\t<div class=\"elementor-element elementor-element-141b55b elementor-widget elementor-widget-heading\" data-id=\"141b55b\" data-element_type=\"widget\" data-widget_type=\"heading.default\">\n\t\t\t\t<div class=\"elementor-widget-container\">\n\t\t\t<style>\/*! elementor - v3.15.0 - 02-08-2023 *\/\n.elementor-heading-title{padding:0;margin:0;line-height:1}.elementor-widget-heading .elementor-heading-title[class*=elementor-size-]>a{color:inherit;font-size:inherit;line-height:inherit}.elementor-widget-heading .elementor-heading-title.elementor-size-small{font-size:15px}.elementor-widget-heading .elementor-heading-title.elementor-size-medium{font-size:19px}.elementor-widget-heading .elementor-heading-title.elementor-size-large{font-size:29px}.elementor-widget-heading .elementor-heading-title.elementor-size-xl{font-size:39px}.elementor-widget-heading .elementor-heading-title.elementor-size-xxl{font-size:59px}<\/style><h2 class=\"elementor-heading-title elementor-size-default\">T\u00e9rminos y condiciones<\/h2>\t\t<\/div>\n\t\t\t\t<\/div>\n\t\t\t\t<div class=\"elementor-element elementor-element-305cc85 elementor-widget elementor-widget-text-editor\" data-id=\"305cc85\" data-element_type=\"widget\" data-widget_type=\"text-editor.default\">\n\t\t\t\t<div class=\"elementor-widget-container\">\n\t\t\t<style>\/*! elementor - v3.15.0 - 02-08-2023 *\/\n.elementor-widget-text-editor.elementor-drop-cap-view-stacked .elementor-drop-cap{background-color:#69727d;color:#fff}.elementor-widget-text-editor.elementor-drop-cap-view-framed .elementor-drop-cap{color:#69727d;border:3px solid;background-color:transparent}.elementor-widget-text-editor:not(.elementor-drop-cap-view-default) .elementor-drop-cap{margin-top:8px}.elementor-widget-text-editor:not(.elementor-drop-cap-view-default) .elementor-drop-cap-letter{width:1em;height:1em}.elementor-widget-text-editor .elementor-drop-cap{float:left;text-align:center;line-height:1;font-size:50px}.elementor-widget-text-editor .elementor-drop-cap-letter{display:inline-block}<\/style>\t\t\t\t<p class=\"p1\">El presente Aviso Legal, en adelante &#8220;Aviso Legal&#8221;, establece los t\u00e9rminos y condiciones respecto al uso de la p\u00e1gina de Internet, que Besthelg pone a disposici\u00f3n de usted. Raz\u00f3n social: Industrias Besthelg S.A. de C.V.<span class=\"Apple-converted-space\">\u00a0<\/span><\/p>\n<p class=\"p1\">Por favor lea detenidamente los siguientes t\u00e9rminos y condiciones de uso a los que est\u00e1 sujeto este sitio. Al utilizar este sitio o cualquier aplicaci\u00f3n que se incluye, usted est\u00e1 de acuerdo a estos t\u00e9rminos y condiciones.<\/p>\n<p class=\"p1\">La utilizaci\u00f3n de las p\u00e1ginas le atribuye a Ud. la condici\u00f3n de usuario de las P\u00e1ginas, en adelante &#8220;Usuario&#8221;, e implica la aceptaci\u00f3n plena y sin reservas de todas y cada una de las disposiciones incluidas en este Aviso Legal en la versi\u00f3n publicada por Besthelg en el momento mismo en que el Usuario acceda a las p\u00e1ginas. En consecuencia, el usuario debe leer el presente aviso legal en cada una de las ocasiones en que utilice las p\u00e1ginas, ya que puede sufrir modificaciones.<\/p>\n<p class=\"p1\">Clarios se reserva el derecho a modificar el aviso legal en cualquier momento y sin previa notificaci\u00f3n. Dichas modificaciones ser\u00e1n efectivas a partir del momento en que queden disponibles al p\u00fablico en las p\u00e1ginas. El usuario se considera enterado y obligado por los cambios al aviso legal desde el momento en que ingrese a las p\u00e1ginas. El uso o acceso a las p\u00e1ginas por parte del usuario constituir\u00e1 la aceptaci\u00f3n y acuerdo a los cambios del aviso legal.<\/p>\n<p class=\"p1\"><b>CONTENIDO DEL WEBSITE<\/b><\/p>\n<p class=\"p1\">Este sitio contiene marcas registradas, servicios registrados, material con derecho de autor y otro contenido propiedad de Besthelg y\/o sus afiliados es el \u00fanico due\u00f1o de todo el contenido de esta p\u00e1gina de internet, incluyendo los derechos de autor, marcas registradas y otros derechos de propiedad intelectual. Con excepci\u00f3n de lo que expresamente indicado en el sitio web, usted puede imprimir, copiar o descargar material que aparezca como parte del sitio web exclusivamente para uso personal o registros, siempre que los logos, marcas u otras leyendas que aparecen en las pantallas copiados permanezcan y no se remuevan de la copia impresa.<\/p>\n<p class=\"p1\">En estos t\u00e9rminos y condiciones de uso, usted no puede modificar, copiar, publicar, exhibir, transmitir, adaptar o en cualquier manera explotar el Contenido sin el permiso previo por escrito de Besthelg.<\/p>\n<p class=\"p1\"><b>CONTENIDO DE USUARIO<\/b><\/p>\n<p class=\"p1\">Toda la informaci\u00f3n (que no sea informaci\u00f3n personal, que se rige por nuestra pol\u00edtica de privacidad) incluyendo datos, texto, archivos, gr\u00e1ficos y otros materiales que se muestran en este sitio se refieren como contenido de usuario. Al transmitir el contenido de usuario en o a trav\u00e9s del sitio, usted acepta que es el \u00fanico responsable de la transmisi\u00f3n, exactitud, propiedad y publicaci\u00f3n de dicho contenido.<\/p>\n<p class=\"p1\">Cualquier informaci\u00f3n enviada por los usuarios y que sea recibida en las p\u00e1ginas, tal como comentarios, sugerencias o ideas, se considerar\u00e1 cedida a Besthelg a t\u00edtulo gratuito, y el usuario que la env\u00ede acepta impl\u00edcitamente que no tiene car\u00e1cter de confidencial.<\/p>\n<p class=\"p1\">Besthelg no supervisa, revisa o edita contenido de usuario publicado o puesto a disposici\u00f3n en o a trav\u00e9s del sitio web. Sin embargo, se reserva el derecho, a su sola discreci\u00f3n, de rechazar, editar o eliminar cualquier contenido de usuario, en su totalidad o en parte que, a juicio de Besthelg no cumpla con estos t\u00e9rminos y condiciones de uso, sea ilegal o indeseable, inapropiado o inexacta. Besthelg no es responsable de las decisiones, falta de decisi\u00f3n o demora en modificar en editar o remover contenido de usuario.<\/p>\n<p class=\"p1\">Algunos servicios y productos puestos a disposici\u00f3n del usuario a trav\u00e9s de las p\u00e1ginas podr\u00e1n requerir de claves o contrase\u00f1as (passwords), a fin de verificar la identidad del usuario. El usuario est\u00e1 de acuerdo en que cualquier operaci\u00f3n correctamente identificada con dichos passwords ser\u00e1 consideradas como v\u00e1lidamente realizadas por el usuario. Por lo anterior, el usuario ser\u00e1 el \u00fanico responsable de mantener la confidencialidad de dichos passwords, sin importar si \u00e9stos fueron proporcionados por Besthelg o seleccionados por el usuario directamente.<\/p>\n<p class=\"p1\"><b>SITIOS ENLAZADOS<\/b><\/p>\n<p class=\"p1\">Besthelg en su sitio puede proveer links a sitios web de terceros o aplicaciones. Los sitios enlazados no son revisados, controlados o examinados por Besthelg. Cada sitio puede tener sus propios t\u00e9rminos y condiciones de uso y pol\u00edticas de privacidad, los usuarios deben estar familiarizados y cumplir con todos los t\u00e9rminos y pol\u00edticas cuando utilicen el sitio vinculado.<\/p>\n<p class=\"p1\"><b>POL\u00cdTICAS DE PRIVACIDAD<\/b><\/p>\n<p class=\"p1\">Besthelg est\u00e1 comprometido en proteger su informaci\u00f3n personal de acuerdo con pr\u00e1cticas de informaci\u00f3n justas y leyes aplicables a la privacidad de datos. Para consultar el aviso de privacidad en su totalidad, por favor visite el sitio:<\/p>\n<p class=\"p1\"><span class=\"s1\"><a href=\"https:\/\/www.besthelg.com\/aviso-de-privacidad\">https:\/\/www.besthelg.com\/aviso-de-privacidad<\/a><\/span><\/p>\n<p class=\"p1\"><b>DECLARACI\u00d3N DE GARANT\u00cdAS<\/b><\/p>\n<p class=\"p1\">Este sitio web se proporciona \u201ctal cual\u201d, sin garant\u00eda o condici\u00f3n de ning\u00fan tipo ya sea expr\u00e9s o impl\u00edcito. Sin limitar lo anterior, clarios declara especificamente a cualquier y todas las garant\u00edas, incluyendo, pero no limitado a: (I) cualquier garant\u00eda con disponibilidad, precio, oportunidad, conveniencia, fiabilidad, tiempo o utilidad del sitio web y el contenido del mismo. Y (II) cualquier garant\u00eda de titularidad, garant\u00eda de no infracci\u00f3n, garant\u00eda o condiciones de comerciabilidad o idoneidad para un fin particular.<\/p>\n<p class=\"p1\"><b>LIMITACI\u00d3N DE RESPONSABILIDAD<\/b><\/p>\n<p class=\"p1\">En ning\u00fan caso Besthelg, sus oficinas, directores, empleados, padres, afiliados, sucedores o asignados, sean responsables de cualquier parte (I) por da\u00f1os indirectos, directos, especiales, puntitivos, indicentales o consecuentes (incluyendo, pero no limitado a p\u00e9rdida de beneficios de negocios, interrupciones de negocios, p\u00e9rdida de programas o informaci\u00f3n, y similares), o cualquier otro da\u00f1o que surja de cualquier manera de la disponibilidad, uso, confianza o incapacidad para usar el sitio web. Incluso si clarios o su agente ha sido advertido de la posibilidad de dichos da\u00f1os, y con respecto a la forma de acci\u00f3n.<\/p>\n<p class=\"p1\"><b>INDEMNIZACI\u00d3N<\/b><\/p>\n<p class=\"p1\">Al utilizar el Sitio Web, usted acepta defender, indemnizar y eximir a Besthelg, sus afiliados, funcionarios, directores y empleados de cualquier reclamaci\u00f3n, responsabilidades, costos y gastos, incluyendo honorarios razonables de abogados, que surjan de cualquier manera de su uso del Sitio Web, cualquier violaci\u00f3n de estos T\u00e9rminos y Condiciones de Uso por su parte, o cualquier Contenido de Usuarios que transmita en o a trav\u00e9s del Sitio Web.<\/p>\n<p class=\"p1\"><b>CAMBIOS EN LOS T\u00c9RMINOS Y CONDICIONES DE USO<\/b><\/p>\n<p class=\"p1\">Besthelg puede cambiar estos T\u00e9rminos y Condiciones de Uso de vez en cuando a su entera discreci\u00f3n, sin previo aviso. Cualquier cambio aparecer\u00e1 en esta p\u00e1gina del Sitio Web. Le recomendamos que compruebe si hay cambios en estos T\u00e9rminos y Condiciones de Uso con regularidad. Al utilizar el Sitio Web despu\u00e9s de cualquier modificaci\u00f3n de estos T\u00e9rminos y Condiciones de Uso, usted acepta estar obligado por dichas modificaciones.<\/p>\n<p class=\"p1\"><b>PASARELA DE PAGO<\/b><\/p>\n<p class=\"p1\">Se hace uso de Openpay como pasarela de pagos.<\/p>\t\t\t\t\t\t<\/div>\n\t\t\t\t<\/div>\n\t\t\t\t\t<\/div>\n\t\t<\/div>\n\t\t\t\t\t\t\t<\/div>\n\t\t<\/section>\n\t\t\t\t\t\t\t<\/div>\n\t\t","protected":false},"excerpt":{"rendered":"<p>T\u00e9rminos y condiciones El presente Aviso Legal, en adelante &#8220;Aviso Legal&#8221;, establece los t\u00e9rminos y condiciones respecto al uso de la p\u00e1gina de Internet, que Besthelg pone a disposici\u00f3n de usted. Raz\u00f3n social: Industrias Besthelg S.A. de C.V.\u00a0 Por favor &hellip; <a href=\"https:\/\/besthelg.com\/en\/terminos-y-condiciones\/\">Readmore<\/a><\/p>","protected":false},"author":1,"featured_media":0,"parent":0,"menu_order":0,"comment_status":"closed","ping_status":"closed","template":"elementor_header_footer","meta":{"footnotes":""},"class_list":["post-11284","page","type-page","status-publish","hentry"],"_links":{"self":[{"href":"https:\/\/besthelg.com\/en\/wp-json\/wp\/v2\/pages\/11284","targetHints":{"allow":["GET"]}}],"collection":[{"href":"https:\/\/besthelg.com\/en\/wp-json\/wp\/v2\/pages"}],"about":[{"href":"https:\/\/besthelg.com\/en\/wp-json\/wp\/v2\/types\/page"}],"author":[{"embeddable":true,"href":"https:\/\/besthelg.com\/en\/wp-json\/wp\/v2\/users\/1"}],"replies":[{"embeddable":true,"href":"https:\/\/besthelg.com\/en\/wp-json\/wp\/v2\/comments?post=11284"}],"version-history":[{"count":13,"href":"https:\/\/besthelg.com\/en\/wp-json\/wp\/v2\/pages\/11284\/revisions"}],"predecessor-version":[{"id":12100,"href":"https:\/\/besthelg.com\/en\/wp-json\/wp\/v2\/pages\/11284\/revisions\/12100"}],"wp:attachment":[{"href":"https:\/\/besthelg.com\/en\/wp-json\/wp\/v2\/media?parent=11284"}],"curies":[{"name":"wp","href":"https:\/\/api.w.org\/{rel}","templated":true}]}}